{"id":117,"date":"2025-12-16T23:28:40","date_gmt":"2025-12-16T22:28:40","guid":{"rendered":"http:\/\/nuevaweb.rodespi.es\/?page_id=117"},"modified":"2025-12-16T23:28:40","modified_gmt":"2025-12-16T22:28:40","slug":"proyectos-e-ingenieria-industrial-2","status":"publish","type":"page","link":"http:\/\/rodespi.es\/en\/proyectos-e-ingenieria-industrial-2\/","title":{"rendered":"Projects and Industrial Engineering"},"content":{"rendered":"<p>[et_pb_section fb_built=\u00bb1&#8243; _builder_version=\u00bb4.27.5&#8243; _module_preset=\u00bbdefault\u00bb global_colors_info=\u00bb{}\u00bb theme_builder_area=\u00bbpost_content\u00bb][et_pb_row _builder_version=\u00bb4.27.5&#8243; _module_preset=\u00bbdefault\u00bb global_colors_info=\u00bb{}\u00bb theme_builder_area=\u00bbpost_content\u00bb][et_pb_column type=\u00bb4_4&#8243; _builder_version=\u00bb4.27.5&#8243; _module_preset=\u00bbdefault\u00bb global_colors_info=\u00bb{}\u00bb theme_builder_area=\u00bbpost_content\u00bb][et_pb_text _builder_version=\u00bb4.27.5&#8243; _module_preset=\u00bbdefault\u00bb header_2_text_color=\u00bb#79be25&#8243; hover_enabled=\u00bb0&#8243; global_colors_info=\u00bb{}\u00bb theme_builder_area=\u00bbpost_content\u00bb sticky_enabled=\u00bb0&#8243;]<\/p>\n<h1 class=\"entry-title\">Proyectos e Ingenier\u00eda Industrial<\/h1>\n<div class=\"single-content\">\n<p>Un proyecto nunca es una idea abstracta sino una realidad muy concreta que se plasma en un entorno determinado. No obstante, adem\u00e1s de cubrir todas las necesidades de uso, espacio y coste , puede ir m\u00e1s all\u00e1. Nuestro objetivo es cumplir el programa de necesidades del cliente creando proyectos que funcionen y simult\u00e1neamente creen un entorno que emocione y estimule. Esto siempre se puede lograr, y ese es el empe\u00f1o que nos mueve.<\/p>\n<ul>\n<li>DESARROLLO DE NUEVOS PROYECTOS (viviendas unifamiliares, proyectos agr\u00edcolas, etc.)<\/li>\n<li>ENFOQUE Y DISE\u00d1O DE REHABILITACIONES<\/li>\n<li>DIRECCI\u00d3N DE OBRA<\/li>\n<li>ASISTENCIA T\u00c9CNICA<\/li>\n<\/ul>\n<h2>Ingenieria Industrial<\/h2>\n<p>En el grupo Rodespi contamos con los profesionales adecuados para ofrecerte diversos servicios de ingenier\u00eda industrial.<\/p>\n<ul>\n<li><strong>Proyectos de actividad<\/strong>: La licencia de apertura es un documento que nos otorga el Ayuntamiento, y que resulta necesario para ejercer una actividad en un local. Esta licencia no es m\u00e1s que la documentaci\u00f3n legal que certifica que en un determinado espacio (local, nave u oficina) se cumplen los requisitos necesarios para realizar una actividad en concret Por norma general, esta licencia es requisito indispensable en caso de cambio de actividad de un negocio, reformas en el establecimiento o cambio de propietarios del negocio, tambi\u00e9n aplicable a negocios familiares en los que los titulares pasan a ser los hijos. Incluso en aquellos casos en los que la actividad que se vaya a realizar sea la misma que la que ejerc\u00eda el antiguo propietario\u00a0 puede haber problemas a la hora de conseguir la licencia de apertura. Esto es porque las licencias de algunos locales antiguos han quedado totalmente obsoletas y en muchos casos<span>\u00a0<\/span><a href=\"https:\/\/www.certicalia.com\/blog-certificado-energetico\/certificados-energeticos-en-local-comercial\/\">han dejado de cumplir la normativa vigente<\/a>.<\/li>\n<\/ul>\n<p>Por lo tanto, una vez que tengamos claro el tipo de actividad a realizar y en qu\u00e9 local va a desarrollarse, debemos iniciar los tr\u00e1mites de solicitud. El equipo de Rodespi le ofrece el asesoramiento necesario desde el inicio de los tr\u00e1mites, la confecci\u00f3n del correspondiente informe o proyecto t\u00e9cnico, y el pago de tasas y presentaci\u00f3n en el ayuntamiento.<\/p>\n<p><strong>Bolet\u00edn el\u00e9ctrico:<span>\u00a0<\/span><\/strong>El bolet\u00edn el\u00e9ctrico o certificado de instalaci\u00f3n el\u00e9ctrica de baja tensi\u00f3n es un documento oficial que certifica el estado de la instalaci\u00f3n el\u00e9ctrica de un inmueble. Este documento es necesario para dar de alta una instalaci\u00f3n nueva, para realizar un cambio de titularidad en el suministro de la luz, si la instalaci\u00f3n tiene m\u00e1s de 20 a\u00f1os de antig\u00fcedad, para aumentar la potencia contratada si excede la permitida y si se ha producido un corte de suministro por problemas de impago.<\/p>\n<ul>\n<li><strong>Proyectos de instalaciones el\u00e9ctricas, de agua y de estructuras.<\/strong><\/li>\n<\/ul>\n<\/div>\n<p>[\/et_pb_text][\/et_pb_column][\/et_pb_row][\/et_pb_section]<\/p>\n","protected":false},"excerpt":{"rendered":"<p>Proyectos e Ingenier\u00eda Industrial Un proyecto nunca es una idea abstracta sino una realidad muy concreta que se plasma en un entorno determinado. No obstante, adem\u00e1s de cubrir todas las necesidades de uso, espacio y coste , puede ir m\u00e1s all\u00e1. Nuestro objetivo es cumplir el programa de necesidades del cliente creando proyectos que funcionen [&hellip;]<\/p>\n","protected":false},"author":1,"featured_media":0,"parent":0,"menu_order":0,"comment_status":"closed","ping_status":"closed","template":"","meta":{"_et_pb_use_builder":"on","_et_pb_old_content":"","_et_gb_content_width":"","footnotes":""},"class_list":["post-117","page","type-page","status-publish","hentry"],"_links":{"self":[{"href":"http:\/\/rodespi.es\/en\/wp-json\/wp\/v2\/pages\/117","targetHints":{"allow":["GET"]}}],"collection":[{"href":"http:\/\/rodespi.es\/en\/wp-json\/wp\/v2\/pages"}],"about":[{"href":"http:\/\/rodespi.es\/en\/wp-json\/wp\/v2\/types\/page"}],"author":[{"embeddable":true,"href":"http:\/\/rodespi.es\/en\/wp-json\/wp\/v2\/users\/1"}],"replies":[{"embeddable":true,"href":"http:\/\/rodespi.es\/en\/wp-json\/wp\/v2\/comments?post=117"}],"version-history":[{"count":2,"href":"http:\/\/rodespi.es\/en\/wp-json\/wp\/v2\/pages\/117\/revisions"}],"predecessor-version":[{"id":119,"href":"http:\/\/rodespi.es\/en\/wp-json\/wp\/v2\/pages\/117\/revisions\/119"}],"wp:attachment":[{"href":"http:\/\/rodespi.es\/en\/wp-json\/wp\/v2\/media?parent=117"}],"curies":[{"name":"wp","href":"https:\/\/api.w.org\/{rel}","templated":true}]}}