{"id":121,"date":"2025-12-16T23:31:36","date_gmt":"2025-12-16T22:31:36","guid":{"rendered":"http:\/\/nuevaweb.rodespi.es\/?page_id=121"},"modified":"2025-12-16T23:39:21","modified_gmt":"2025-12-16T22:39:21","slug":"certificado-eficiencia-energetica-ites","status":"publish","type":"page","link":"http:\/\/rodespi.es\/en\/certificado-eficiencia-energetica-ites\/","title":{"rendered":"Energy efficiency certificate \/ EEC"},"content":{"rendered":"<p>[et_pb_section fb_built=\u00bb1&#8243; _builder_version=\u00bb4.27.5&#8243; _module_preset=\u00bbdefault\u00bb global_colors_info=\u00bb{}\u00bb theme_builder_area=\u00bbpost_content\u00bb][et_pb_row _builder_version=\u00bb4.27.5&#8243; _module_preset=\u00bbdefault\u00bb global_colors_info=\u00bb{}\u00bb theme_builder_area=\u00bbpost_content\u00bb][et_pb_column type=\u00bb4_4&#8243; _builder_version=\u00bb4.27.5&#8243; _module_preset=\u00bbdefault\u00bb global_colors_info=\u00bb{}\u00bb theme_builder_area=\u00bbpost_content\u00bb][et_pb_text _builder_version=\u00bb4.27.5&#8243; _module_preset=\u00bbdefault\u00bb header_2_text_color=\u00bb#79be25&#8243; hover_enabled=\u00bb0&#8243; global_colors_info=\u00bb{}\u00bb theme_builder_area=\u00bbpost_content\u00bb sticky_enabled=\u00bb0&#8243; text_font=\u00bb||||||||\u00bb]<\/p>\n<h1 class=\"entry-title\">Certificado eficiencia energ\u00e9tica \/ ITES<\/h1>\n<div class=\"single-content\">\n<h2><strong><\/strong><\/h2>\n<p>&nbsp;<\/p>\n<\/div>\n<p>[\/et_pb_text][\/et_pb_column][\/et_pb_row][et_pb_row _builder_version=\u00bb4.27.5&#8243; _module_preset=\u00bbdefault\u00bb column_structure=\u00bb1_2,1_2&#8243; theme_builder_area=\u00bbpost_content\u00bb][et_pb_column _builder_version=\u00bb4.27.5&#8243; _module_preset=\u00bbdefault\u00bb type=\u00bb1_2&#8243; theme_builder_area=\u00bbpost_content\u00bb][et_pb_text _builder_version=\u00bb4.27.5&#8243; _module_preset=\u00bbdefault\u00bb theme_builder_area=\u00bbpost_content\u00bb hover_enabled=\u00bb0&#8243; sticky_enabled=\u00bb0&#8243; text_line_height=\u00bb2em\u00bb]<\/p>\n<h2><strong>CEE:<\/strong><\/h2>\n<p>El certificado de Eficiencia Energ\u00e9tica es un documento oficial redactado por un t\u00e9cnico competente que\u00a0incluye informaci\u00f3n objetiva sobre las caracter\u00edsticas energ\u00e9ticas de un inmueble. En el a\u00f1o 2013, el<span>\u00a0<\/span><em>Real Decreto 235\/2013, de 5 de abril, por el que se aprueba el procedimiento b\u00e1sico para la certificaci\u00f3n energ\u00e9tica de los edificios<\/em><span>\u00a0<\/span>establece la obligatoriedad de realizar este documento para poder realizar la intermediaci\u00f3n inmobiliaria tanto de viviendas, como de oficinas y locales. El propietario del inmueble debe disponer del Certificado de Eficiencia Energ\u00e9tica desde el momento en el que comience a publicitar el inmueble por cualquier medio, pues si carece de \u00e9l se expone a una sanci\u00f3n.<\/p>\n<p>El equipo de Rodespi cuenta con t\u00e9cnicos competentes en esta materia, que se encargar\u00e1n de realizar la toma de datos necesaria in situ, la posterior elaboraci\u00f3n del informe y finalmente la presentaci\u00f3n de este ante la administraci\u00f3n con el respectivo pago de tasas, para entregarle el Certificado de Eficiencia Energ\u00e9tica tal y como lo exige la ley.<\/p>\n<p>[\/et_pb_text][\/et_pb_column][et_pb_column _builder_version=\u00bb4.27.5&#8243; _module_preset=\u00bbdefault\u00bb type=\u00bb1_2&#8243; theme_builder_area=\u00bbpost_content\u00bb][et_pb_image src=\u00bbhttp:\/\/rodespi.es\/wp-content\/uploads\/2025\/12\/Certificado-de-Eficiencia-energetica.jpg\u00bb _builder_version=\u00bb4.27.5&#8243; _module_preset=\u00bbdefault\u00bb theme_builder_area=\u00bbpost_content\u00bb title_text=\u00bbCertificado de Eficiencia energ\u00e9tica\u00bb hover_enabled=\u00bb0&#8243; sticky_enabled=\u00bb0&#8243;][\/et_pb_image][\/et_pb_column][\/et_pb_row][et_pb_row _builder_version=\u00bb4.27.5&#8243; _module_preset=\u00bbdefault\u00bb theme_builder_area=\u00bbpost_content\u00bb][et_pb_column _builder_version=\u00bb4.27.5&#8243; _module_preset=\u00bbdefault\u00bb type=\u00bb4_4&#8243; theme_builder_area=\u00bbpost_content\u00bb][et_pb_text _builder_version=\u00bb4.27.5&#8243; _module_preset=\u00bbdefault\u00bb theme_builder_area=\u00bbpost_content\u00bb header_2_text_color=\u00bb#79be25&#8243; text_line_height=\u00bb2em\u00bb hover_enabled=\u00bb0&#8243; sticky_enabled=\u00bb0&#8243;]<\/p>\n<h2><strong>ITE:<\/strong><\/h2>\n<p>Como regla general la primera inspecci\u00f3n ITE se presentar\u00e1 dentro del a\u00f1o siguiente a aquel en el que el edificio cumpla\u00a0treinta a\u00f1os\u00a0de antig\u00fcedad, o dentro del plazo especificado de seis meses si la persona propietaria de la edificaci\u00f3n fuese requerida para eso de manera motivada por el Ayuntamiento. Este requerimiento obliga a muchos propietarios y comunidades de vecinos a la b\u00fasqueda de un profesional que gestione este encargo con experiencia y eficacia. En el grupo Rodespi contamos con los profesionales adecuados para proporcionarle los resultados que necesita.<\/p>\n<p>[\/et_pb_text][\/et_pb_column][\/et_pb_row][\/et_pb_section]<\/p>\n","protected":false},"excerpt":{"rendered":"<p>Certificado eficiencia energ\u00e9tica \/ ITES &nbsp; CEE: El certificado de Eficiencia Energ\u00e9tica es un documento oficial redactado por un t\u00e9cnico competente que\u00a0incluye informaci\u00f3n objetiva sobre las caracter\u00edsticas energ\u00e9ticas de un inmueble. En el a\u00f1o 2013, el\u00a0Real Decreto 235\/2013, de 5 de abril, por el que se aprueba el procedimiento b\u00e1sico para la certificaci\u00f3n energ\u00e9tica de [&hellip;]<\/p>\n","protected":false},"author":1,"featured_media":0,"parent":0,"menu_order":0,"comment_status":"closed","ping_status":"closed","template":"","meta":{"_et_pb_use_builder":"on","_et_pb_old_content":"","_et_gb_content_width":"","footnotes":""},"class_list":["post-121","page","type-page","status-publish","hentry"],"_links":{"self":[{"href":"http:\/\/rodespi.es\/en\/wp-json\/wp\/v2\/pages\/121","targetHints":{"allow":["GET"]}}],"collection":[{"href":"http:\/\/rodespi.es\/en\/wp-json\/wp\/v2\/pages"}],"about":[{"href":"http:\/\/rodespi.es\/en\/wp-json\/wp\/v2\/types\/page"}],"author":[{"embeddable":true,"href":"http:\/\/rodespi.es\/en\/wp-json\/wp\/v2\/users\/1"}],"replies":[{"embeddable":true,"href":"http:\/\/rodespi.es\/en\/wp-json\/wp\/v2\/comments?post=121"}],"version-history":[{"count":3,"href":"http:\/\/rodespi.es\/en\/wp-json\/wp\/v2\/pages\/121\/revisions"}],"predecessor-version":[{"id":126,"href":"http:\/\/rodespi.es\/en\/wp-json\/wp\/v2\/pages\/121\/revisions\/126"}],"wp:attachment":[{"href":"http:\/\/rodespi.es\/en\/wp-json\/wp\/v2\/media?parent=121"}],"curies":[{"name":"wp","href":"https:\/\/api.w.org\/{rel}","templated":true}]}}