{"id":141,"date":"2025-12-17T00:29:06","date_gmt":"2025-12-16T23:29:06","guid":{"rendered":"http:\/\/nuevaweb.rodespi.es\/?page_id=141"},"modified":"2025-12-17T00:29:06","modified_gmt":"2025-12-16T23:29:06","slug":"rehabilitacion-de-viviendas-en-el-rural-2","status":"publish","type":"page","link":"http:\/\/rodespi.es\/en\/rehabilitacion-de-viviendas-en-el-rural-2\/","title":{"rendered":"Housing rehabilitation in rural areas"},"content":{"rendered":"<p>[et_pb_section fb_built=\u00bb1&#8243; _builder_version=\u00bb4.27.5&#8243; _module_preset=\u00bbdefault\u00bb global_colors_info=\u00bb{}\u00bb theme_builder_area=\u00bbpost_content\u00bb][et_pb_row _builder_version=\u00bb4.27.5&#8243; _module_preset=\u00bbdefault\u00bb global_colors_info=\u00bb{}\u00bb theme_builder_area=\u00bbpost_content\u00bb][et_pb_column type=\u00bb4_4&#8243; _builder_version=\u00bb4.27.5&#8243; _module_preset=\u00bbdefault\u00bb global_colors_info=\u00bb{}\u00bb theme_builder_area=\u00bbpost_content\u00bb][et_pb_text _builder_version=\u00bb4.27.5&#8243; _module_preset=\u00bbdefault\u00bb text_font=\u00bb||||||||\u00bb header_2_text_color=\u00bb#79be25&#8243; hover_enabled=\u00bb0&#8243; global_colors_info=\u00bb{}\u00bb theme_builder_area=\u00bbpost_content\u00bb sticky_enabled=\u00bb0&#8243;]<\/p>\n<h1 class=\"entry-title\">Rehabilitaci\u00f3n de viviendas en el rural<\/h1>\n<div class=\"single-content\">\n<h2><strong><\/strong><\/h2>\n<p>&nbsp;<\/p>\n<\/div>\n<p>[\/et_pb_text][\/et_pb_column][\/et_pb_row][et_pb_row column_structure=\u00bb1_2,1_2&#8243; _builder_version=\u00bb4.27.5&#8243; _module_preset=\u00bbdefault\u00bb global_colors_info=\u00bb{}\u00bb theme_builder_area=\u00bbpost_content\u00bb][et_pb_column type=\u00bb1_2&#8243; _builder_version=\u00bb4.27.5&#8243; _module_preset=\u00bbdefault\u00bb global_colors_info=\u00bb{}\u00bb theme_builder_area=\u00bbpost_content\u00bb][et_pb_text _builder_version=\u00bb4.27.5&#8243; _module_preset=\u00bbdefault\u00bb text_line_height=\u00bb2em\u00bb hover_enabled=\u00bb0&#8243; global_colors_info=\u00bb{}\u00bb theme_builder_area=\u00bbpost_content\u00bb sticky_enabled=\u00bb0&#8243;]<\/p>\n<p><span>En el grupo Rodespi contamos con un amplio equipo multidisciplinar capaz de resolver un expediente completo de rehabilitaci\u00f3n de viviendas en el rural. Tramitamos todo tipo de gestiones documentales, permisos a las diferentes administraciones, redacci\u00f3n del proyecto de rehabilitaci\u00f3n, seguimiento y direcci\u00f3n de obra. Proporcionamos adem\u00e1s de todo esto la gesti\u00f3n integral de la obra, buscando los mejores profesionales, proveedores y materiales para la rehabilitaci\u00f3n de tu vivienda.<\/span><\/p>\n<p>[\/et_pb_text][\/et_pb_column][et_pb_column type=\u00bb1_2&#8243; _builder_version=\u00bb4.27.5&#8243; _module_preset=\u00bbdefault\u00bb global_colors_info=\u00bb{}\u00bb theme_builder_area=\u00bbpost_content\u00bb][et_pb_image src=\u00bbhttp:\/\/rodespi.es\/wp-content\/uploads\/2025\/12\/Casa-para-rehabilitar.jpg\u00bb title_text=\u00bbCasa para rehabilitar\u00bb _builder_version=\u00bb4.27.5&#8243; _module_preset=\u00bbdefault\u00bb hover_enabled=\u00bb0&#8243; global_colors_info=\u00bb{}\u00bb theme_builder_area=\u00bbpost_content\u00bb sticky_enabled=\u00bb0&#8243;][\/et_pb_image][\/et_pb_column][\/et_pb_row][et_pb_row _builder_version=\u00bb4.27.5&#8243; _module_preset=\u00bbdefault\u00bb global_colors_info=\u00bb{}\u00bb theme_builder_area=\u00bbpost_content\u00bb][et_pb_column type=\u00bb4_4&#8243; _builder_version=\u00bb4.27.5&#8243; _module_preset=\u00bbdefault\u00bb global_colors_info=\u00bb{}\u00bb theme_builder_area=\u00bbpost_content\u00bb][et_pb_text _builder_version=\u00bb4.27.5&#8243; _module_preset=\u00bbdefault\u00bb text_line_height=\u00bb2em\u00bb header_2_text_color=\u00bb#79be25&#8243; hover_enabled=\u00bb0&#8243; global_colors_info=\u00bb{}\u00bb theme_builder_area=\u00bbpost_content\u00bb sticky_enabled=\u00bb0&#8243;]<\/p>\n<h2><strong>Rehabilitaci\u00f3n de vivienda unifamiliar en Meirol (Mondariz)<\/strong><\/h2>\n<p>A principios del a\u00f1o 2015 adquirimos el compromiso de gestionar la rehabilitaci\u00f3n de una propiedad constituida por un conjunto de construcciones situadas en la parroquia de Meirol, Mondariz. Tras varias reuniones con los propietarios iniciamos la gesti\u00f3n de la obra.<\/p>\n<p>Nuestro compromiso como gestor de la obra es amplio, pues consiste en coordinar la obra, solicitar presupuestos a diferentes empresas para la obtenci\u00f3n del mejor precio dentro de las exigencias de calidad del propietario, trasladar a los profesionales intervinientes en la obra las \u00f3rdenes establecidas por el aparejador y el arquitecto, coordinar el encargo del material y el pago a proveedores previa revisi\u00f3n de la veracidad de las facturas, y supervisar\u00a0el cumplimiento del plan de trabajo con los plazos establecidos. Con todo ello se realizan informes del estado de las obras, a los que se le a\u00f1ade un reportaje fotogr\u00e1fico con el objetivo de que los propietarios est\u00e9n en todo momento al corriente del avance del proyecto.<\/p>\n<p>Pasados diecis\u00e9is meses desde el inicio de los contactos con los propietarios, estos tienen la seguridad de que su nuevo hogar es como realmente imaginaban, dado que nuestro equipo vel\u00f3 en todo momento porque esto fuese as\u00ed, \u00a0y en breve podr\u00e1n disfrutar de el.<\/p>\n<p>[\/et_pb_text][\/et_pb_column][\/et_pb_row][et_pb_row _builder_version=\u00bb4.27.5&#8243; _module_preset=\u00bbdefault\u00bb column_structure=\u00bb1_2,1_2&#8243; theme_builder_area=\u00bbpost_content\u00bb][et_pb_column _builder_version=\u00bb4.27.5&#8243; _module_preset=\u00bbdefault\u00bb type=\u00bb1_2&#8243; theme_builder_area=\u00bbpost_content\u00bb][et_pb_image src=\u00bbhttp:\/\/rodespi.es\/wp-content\/uploads\/2025\/12\/Casa-a-rehabilitar-en-Meirol.jpg\u00bb _builder_version=\u00bb4.27.5&#8243; _module_preset=\u00bbdefault\u00bb theme_builder_area=\u00bbpost_content\u00bb title_text=\u00bbCasa a rehabilitar en Meirol\u00bb hover_enabled=\u00bb0&#8243; sticky_enabled=\u00bb0&#8243; align=\u00bbright\u00bb align_last_edited=\u00bbon|phone\u00bb align_tablet=\u00bbcenter\u00bb align_phone=\u00bbcenter\u00bb][\/et_pb_image][\/et_pb_column][et_pb_column _builder_version=\u00bb4.27.5&#8243; _module_preset=\u00bbdefault\u00bb type=\u00bb1_2&#8243; theme_builder_area=\u00bbpost_content\u00bb][et_pb_image src=\u00bbhttp:\/\/rodespi.es\/wp-content\/uploads\/2025\/12\/Casa-rehabilitada-en-Meirol.jpg\u00bb _builder_version=\u00bb4.27.5&#8243; _module_preset=\u00bbdefault\u00bb theme_builder_area=\u00bbpost_content\u00bb title_text=\u00bbCasa rehabilitada en Meirol\u00bb hover_enabled=\u00bb0&#8243; sticky_enabled=\u00bb0&#8243; align_last_edited=\u00bbon|phone\u00bb align_tablet=\u00bbcenter\u00bb align_phone=\u00bbcenter\u00bb][\/et_pb_image][\/et_pb_column][\/et_pb_row][\/et_pb_section]<\/p>\n","protected":false},"excerpt":{"rendered":"<p>Rehabilitaci\u00f3n de viviendas en el rural &nbsp; En el grupo Rodespi contamos con un amplio equipo multidisciplinar capaz de resolver un expediente completo de rehabilitaci\u00f3n de viviendas en el rural. Tramitamos todo tipo de gestiones documentales, permisos a las diferentes administraciones, redacci\u00f3n del proyecto de rehabilitaci\u00f3n, seguimiento y direcci\u00f3n de obra. Proporcionamos adem\u00e1s de todo [&hellip;]<\/p>\n","protected":false},"author":1,"featured_media":0,"parent":0,"menu_order":0,"comment_status":"closed","ping_status":"closed","template":"","meta":{"_et_pb_use_builder":"on","_et_pb_old_content":"","_et_gb_content_width":"","footnotes":""},"class_list":["post-141","page","type-page","status-publish","hentry"],"_links":{"self":[{"href":"http:\/\/rodespi.es\/en\/wp-json\/wp\/v2\/pages\/141","targetHints":{"allow":["GET"]}}],"collection":[{"href":"http:\/\/rodespi.es\/en\/wp-json\/wp\/v2\/pages"}],"about":[{"href":"http:\/\/rodespi.es\/en\/wp-json\/wp\/v2\/types\/page"}],"author":[{"embeddable":true,"href":"http:\/\/rodespi.es\/en\/wp-json\/wp\/v2\/users\/1"}],"replies":[{"embeddable":true,"href":"http:\/\/rodespi.es\/en\/wp-json\/wp\/v2\/comments?post=141"}],"version-history":[{"count":2,"href":"http:\/\/rodespi.es\/en\/wp-json\/wp\/v2\/pages\/141\/revisions"}],"predecessor-version":[{"id":151,"href":"http:\/\/rodespi.es\/en\/wp-json\/wp\/v2\/pages\/141\/revisions\/151"}],"wp:attachment":[{"href":"http:\/\/rodespi.es\/en\/wp-json\/wp\/v2\/media?parent=141"}],"curies":[{"name":"wp","href":"https:\/\/api.w.org\/{rel}","templated":true}]}}