{"id":154,"date":"2025-12-17T00:31:38","date_gmt":"2025-12-16T23:31:38","guid":{"rendered":"http:\/\/nuevaweb.rodespi.es\/?page_id=154"},"modified":"2026-02-20T00:18:08","modified_gmt":"2026-02-19T23:18:08","slug":"legalizacion-de-aguas","status":"publish","type":"page","link":"http:\/\/rodespi.es\/en\/legalizacion-de-aguas\/","title":{"rendered":"Water legalization"},"content":{"rendered":"<p>[et_pb_section fb_built=\u00bb1&#8243; _builder_version=\u00bb4.27.5&#8243; _module_preset=\u00bbdefault\u00bb global_colors_info=\u00bb{}\u00bb][et_pb_row _builder_version=\u00bb4.27.5&#8243; _module_preset=\u00bbdefault\u00bb global_colors_info=\u00bb{}\u00bb][et_pb_column type=\u00bb4_4&#8243; _builder_version=\u00bb4.27.5&#8243; _module_preset=\u00bbdefault\u00bb global_colors_info=\u00bb{}\u00bb][et_pb_text _builder_version=\u00bb4.27.5&#8243; _module_preset=\u00bbdefault\u00bb text_font=\u00bb||||||||\u00bb header_2_text_color=\u00bb#79be25&#8243; global_colors_info=\u00bb{}\u00bb]<\/p>\n<h1 class=\"entry-title\">Informes periciales y valoraciones<\/h1>\n<div class=\"single-content\">\n<h2><strong><\/strong><\/h2>\n<p>&nbsp;<\/p>\n<\/div>\n<p>[\/et_pb_text][\/et_pb_column][\/et_pb_row][et_pb_row _builder_version=\u00bb4.27.5&#8243; _module_preset=\u00bbdefault\u00bb custom_padding=\u00bb3px|||||\u00bb global_colors_info=\u00bb{}\u00bb][et_pb_column type=\u00bb4_4&#8243; _builder_version=\u00bb4.27.5&#8243; _module_preset=\u00bbdefault\u00bb global_colors_info=\u00bb{}\u00bb][et_pb_text _builder_version=\u00bb4.27.5&#8243; _module_preset=\u00bbdefault\u00bb text_line_height=\u00bb2em\u00bb hover_enabled=\u00bb0&#8243; global_colors_info=\u00bb{}\u00bb sticky_enabled=\u00bb0&#8243;]<\/p>\n<p>En Grupo Rodespi le podemos asesorar en todo lo relacionado con legalizaciones de aguas y adem\u00e1s<\/p>\n<p>LE SOLUCIONAMOS:<\/p>\n<ol>\n<li>TRA\u00cdDAS DE AGUA\n<ol>\n<li>Gesti\u00f3n para la solicitud de constituci\u00f3n de comunidades de usuarios y aprobaci\u00f3n de la correspondiente ordenanza, reglamento o convenio<\/li>\n<li>Solicitud de reforma de ordenanzas y reglamentos o convenios de Comunidades de usuarios iii.\u00a0\u00a0\u00a0 Gesti\u00f3n para la renovaci\u00f3n de la concesi\u00f3n<\/li>\n<\/ol>\n<\/li>\n<li>COMUNIDADES DE REGANTES\n<ol>\n<li>Gesti\u00f3n para la solicitud de constituci\u00f3n de comunidades de usuarios y aprobaci\u00f3n de la correspondiente ordenanza, reglamento o convenio<\/li>\n<li>Solicitud de reforma de ordenanzas y reglamentos o convenios de Comunidades de usuarios<\/li>\n<li>Gesti\u00f3n para la renovaci\u00f3n de la concesi\u00f3n<\/li>\n<\/ol>\n<\/li>\n<li>POZOS\n<ol>\n<li>Gesti\u00f3n, normalizaci\u00f3n, regularizaci\u00f3n y legalizaci\u00f3n de pozos de agua<\/li>\n<\/ol>\n<\/li>\n<li>USOS GANADEROS\n<ol>\n<li>Gesti\u00f3n, normalizaci\u00f3n, regularizaci\u00f3n y legalizaci\u00f3n de aguas para fines agro ganaderos<\/li>\n<\/ol>\n<\/li>\n<li>DENUNCIAS\n<ol>\n<li>Defensa ante posibles denuncias tanto del denunciante como del denunciado. Tramitaci\u00f3n de expedientes para la denuncia de usos indebidos del agua.<\/li>\n<\/ol>\n<\/li>\n<li>OTROS SERVICIOS RELACIONADOS CON EL AGUA\n<ol>\n<li>Gesti\u00f3n para el establecimiento de ba\u00f1os, zonas recreativas y zonas deportivas<\/li>\n<li>Autorizaci\u00f3n para la derivaci\u00f3n temporal de aguas<\/li>\n<li>Autorizaci\u00f3n para tala de \u00e1rboles en las riberas del r\u00edo<\/li>\n<li>Autorizaci\u00f3n para la extracci\u00f3n de \u00e1ridos<\/li>\n<li>Autorizaci\u00f3n para obras e instalaciones sujetas a los permisos de las Confederaciones Hidrogr\u00e1ficas<\/li>\n<li>Autorizaci\u00f3n para otras actividades en dominio p\u00fablico hidr\u00e1ulico o en zona de polic\u00eda de cauces<\/li>\n<li>Autorizaci\u00f3n para usos agr\u00edcolas y forestales<\/li>\n<li>Tr\u00e1mites ante la Conseller\u00eda de Sanidad para autorizaciones de consumo de las aguas (Proyectos de instalaci\u00f3n de clor\u00edmetros, memorias t\u00e9cnicas, etc.)<\/li>\n<\/ol>\n<\/li>\n<\/ol>\n<p>En el momento de legalizar un aprovechamiento de aguas o una Comunidad de Usuarios de Aguas, debemos tener claro que la documentaci\u00f3n solicitada por los organismos de cuenca que gestionan las concesiones en Galicia, es cada d\u00eda m\u00e1s compleja.<\/p>\n<p>Por ello, se requiere un buen conocimiento de las distintas Legislaciones que regulan el otorgamiento de dichas concesiones, as\u00ed como una buena preparaci\u00f3n t\u00e9cnica a efectos de presentar un proyecto o estudio que re\u00fana los requisitos exigidos. Adem\u00e1s se ha de efectuar un seguimiento al expediente de concesi\u00f3n hasta su aprobaci\u00f3n.<\/p>\n<p>En el caso de las Renovaciones de concesiones de las Comunidades de Usuarios de Aguas, debemos de pensar que casi el 90 % de estas han sufrido importantes modificaciones (aumento de captaciones, variaci\u00f3n de la poblaci\u00f3n abastecida) que deben ser reflejadas para obtener una renovaci\u00f3n de la concesi\u00f3n ajustada a la realidad del abastecimiento.<\/p>\n<p>Adem\u00e1s las Comunidades de Usuarios de Aguas, deben de contar con una cartograf\u00eda en donde se detallen, adem\u00e1s de las captaciones y los dep\u00f3sitos reguladores, el recorrido de las tuber\u00edas de conducci\u00f3n y distribuci\u00f3n.<\/p>\n<p>Un problema muy frecuente es el desconocimiento de la mayor\u00eda de los usuarios de la situaci\u00f3n de estas, lo cual genera graves perjuicios cuando las personas que si conocen su ubicaci\u00f3n dejan la Comunidad. Para ello desde Grupo Rodespi, les ofrecemos nuestros servicios.<\/p>\n<p>El pasado 12 de marzo de 2008, fue publicado en el Bolet\u00edn Oficial del Estado el Real Decreto 266\/2008, de 22 de febrero, por el cual la\u00a0<strong>Confederaci\u00f3n Hidrogr\u00e1fica del Norte<\/strong>\u00a0era segregada en\u00a0<strong>las Confederaciones Hidrogr\u00e1ficas del Cant\u00e1brico<\/strong>\u00a0y del\u00a0<strong>Mi\u00f1o-Sil<\/strong>. Ambas nuevas Confederaciones suced\u00edan, a t\u00edtulo universal, a la CH Norte en cuesti\u00f3n de bienes, materias y derechos de \u00e9sta, en relaci\u00f3n a sus respectivos \u00e1mbitos territoriales.<\/p>\n<p>Esta casu\u00edstica hace que en Galicia se legalicen sus aguas a trav\u00e9s de dos organismos diferenciados, por un lado la Confederaci\u00f3n Hidrogr\u00e1fica Mi\u00f1o-Sil y por otro Aguas de Galicia, dependiendo de la ubicaci\u00f3n geogr\u00e1fica del agua en cuesti\u00f3n, lo que nos proporciona una gran experiencia y destreza en este \u00e1mbito.<\/p>\n<p><strong>NUESTROS CLIENTES: LO M\u00c1S IMPORTANTE<\/strong><\/p>\n<p>M\u00e1s de 4.500 usuarios o de 300 tra\u00eddas, tienen la tranquilidad de que el agua que consumen o circula est\u00e1 garantizada por una\u00a0 concesi\u00f3n gestionada por Grupo Rodespi.<\/p>\n<p><strong>PREGUNTAS FRECUENTES<\/strong><\/p>\n<p><strong>\u00bfCu\u00e1l es la normativa que regula el agua?<\/strong><\/p>\n<p>La Normativa legal b\u00e1sica de aplicaci\u00f3n que regula el agua de nuestros r\u00edos es el Real Decreto Legislativo 1\/2001, de 20 de julio, por el que se aprueba el texto refundido de la Ley de Aguas, (modificada por la Ley 62\/2003 por la que se traspone la Directiva 2000\/60\/CE), Directivas de la Uni\u00f3n Europea y resto de normativa de desarrollo. Toda esta documentaci\u00f3n est\u00e1 disponible en la apartado de legislaci\u00f3n de la p\u00e1gina Web del Ministerio de Agricultura, Alimentaci\u00f3n y Medio Ambiente (http:\/\/www.magrama.es ).<\/p>\n<p><strong>\u00bfA que se denominan zonas de servidumbre y de polic\u00eda de un r\u00edo?<\/strong><\/p>\n<p>La zona de servidumbre es la franja longitudinal de 5 metros de anchura respecto al borde del cauce y la zona de polic\u00eda es la franja longitudinal de 100 metros de anchura respecto al borde del mismo. El Reglamento del Dominio P\u00fablico Hidr\u00e1ulico, en su Cap\u00edtulo III, art\u00edculo 4, establece la siguiente definici\u00f3n de Cauce:<br \/>\u201cEl \u00e1lveo o cauce natural de una corriente continua o discontinua es el terreno cubierto por las aguas en las m\u00e1ximas crecidas ordinarias\u201d.<\/p>\n<p>Por lo tanto, empezar\u00eda a contar los 5 metros desde el punto de m\u00e1xima crecida ordinaria del cauce. La zona de servidumbre se extiende a ambos lados del cauce y est\u00e1 reservada para usos p\u00fablicos. Los propietarios de las zonas de servidumbre pueden plantar en ella especies no arb\u00f3reas que no impidan el paso, previa autorizaci\u00f3n del organismo de la cuenca; no pueden, en cambio, edificar en ellas, salvo en casos muy justificados y siempre y cuando dispongan de la autorizaci\u00f3n pertinente.<\/p>\n<p><strong>\u00bfQu\u00e9 se entiende por cuenca hidrogr\u00e1fica?<\/strong><\/p>\n<p>Se entiende por cuenca hidrogr\u00e1fica \u201cla superficie de terreno cuya escorrent\u00eda superficial fluye en su totalidad a trav\u00e9s de una serie de corrientes, r\u00edos y eventualmente lagos hacia el mar por una \u00fanica desembocadura, estuario o delta\u201d. La cuenca hidrogr\u00e1fica como unidad de gesti\u00f3n del recurso se considera indivisible.<\/p>\n<p><a href=\"https:\/\/www.rodespi.es\/cms\/wp-content\/uploads\/2016\/03\/conca-hidrografica-pq.jpg\" rel=\"attachment wp-att-24036\"><img loading=\"lazy\" decoding=\"async\" class=\"alignnone size-full wp-image-24036\" src=\"https:\/\/www.rodespi.es\/cms\/wp-content\/uploads\/2016\/03\/conca-hidrografica-pq.jpg\" alt=\"conca-hidrografica-pq\" width=\"312\" height=\"180\" srcset=\"https:\/\/www.rodespi.es\/cms\/wp-content\/uploads\/2016\/03\/conca-hidrografica-pq.jpg 236w, https:\/\/www.rodespi.es\/cms\/wp-content\/uploads\/2016\/03\/conca-hidrografica-pq-143x83.jpg 143w\" sizes=\"(max-width: 236px) 100vw, 236px\" \/><\/a><\/p>\n<p><strong>\u00bfQu\u00e9 es una demarcaci\u00f3n hidrogr\u00e1fica?<\/strong><\/p>\n<p>Se entiende por demarcaci\u00f3n hidrogr\u00e1fica \u201cla zona terrestre y marina compuesta por una o varias cuencas hidrogr\u00e1ficas vecinas y las aguas de transici\u00f3n, subterr\u00e1neas y costeras asociadas a dichas cuencas\u201d.<br \/>Son aguas de transici\u00f3n, las masas de agua superficial pr\u00f3ximas a la desembocadura de los r\u00edos que son parcialmente salinas como consecuencia de su proximidad a las aguas costeras, pero que reciben una notable influencia de flujos de agua dulce.<\/p>\n<p><strong>\u00bfQui\u00e9n debe constituirse en Comunidad de Usuarios?<\/strong><\/p>\n<p>Todos los usuarios (personas naturales o jur\u00eddicas) que, de forma colectiva, utilicen la misma toma de aguas procedente o derivada de manantiales, pozos, corrientes naturales (r\u00edos, arroyos, etc.), o canales construidos por el Estado o usen un mismo bien o conjuntos de bienes de dominio p\u00fablico hidr\u00e1ulico, tienen la obligaci\u00f3n de constituirse en Comunidad, con sujeci\u00f3n al Real Decreto Legislativo 1\/2001, de 20 de julio, por el que se aprueba el texto refundido de la Ley de Aguas y al Reglamento P\u00fablico Hidr\u00e1ulico de 11 de abril de 1986.<\/p>\n<p>A efectos de lo establecido en el art\u00edculo 81.5 del texto refundido de la Ley de Aguas y art\u00edculo 203 del Reglamento del Dominio P\u00fablico Hidr\u00e1ulico, en todo caso, se exime de la tramitaci\u00f3n de Estatutos u Ordenanzas y Reglamentos a aquellos usuarios de aprovechamientos colectivos de aguas p\u00fablicas cuyo n\u00famero de part\u00edcipes sea inferior a veinte, si bien \u00e9stos est\u00e1n obligados a concretar entre ellos un convenio espec\u00edfico, que deber\u00e1 ser tambi\u00e9n aprobado por el Organismo de cuenca. Usar colectivamente una toma de aguas, sin estar constituidos en Comunidad de Usuarios o en su caso, tener aprobado el oportuno convenio espec\u00edfico, podr\u00e1 ser objeto de sanci\u00f3n.<\/p>\n<p><strong>\u00bfQu\u00e9 obligaciones tiene una Comunidad de usuarios?<\/strong><\/p>\n<p>Las Comunidades de Usuarios realizar\u00e1n, por mandato del texto refundido de la Ley de Aguas y con la autonom\u00eda que en ellas se les reconoce, las funciones de polic\u00eda, distribuci\u00f3n y administraci\u00f3n de las aguas que tengan concedidas por la Administraci\u00f3n.<\/p>\n<p><strong>\u00bfDebo cumplir alg\u00fan tr\u00e1mite para la realizaci\u00f3n de un pozo de uso privado?<\/strong><\/p>\n<p>Debe solicitar a la CH del Mi\u00f1o-Sil la \u201cAutorizaci\u00f3n para la ejecuci\u00f3n de obras y construcciones en zona de polic\u00eda de cauce\u201d.<\/p>\n<p><strong>\u00bfC\u00f3mo puedo saber cual es la calidad del agua que bebo en casa?<\/strong><\/p>\n<p>Dirigi\u00e9ndose a su entidad suministrador o a su Ayuntamiento. La normativa que regula la calidad del agua potable es el Real Decreto 140\/2003, de 7 de febrero, por el cual se establecen los criterios sanitarios de la calidad del agua para consumo humano.<\/p>\n<p><strong>\u00bfQu\u00e9 t\u00e9cnico puede realizar los proyectos o preparar la documentaci\u00f3n t\u00e9cnica que solicita la Confederaci\u00f3n Hidrogr\u00e1fica del Mi\u00f1o-Sil?<\/strong><\/p>\n<p>La Ley de Aguas explica que un proyecto debe ser suscrito por el t\u00e9cnico competente. Se considera t\u00e9cnico competente a aquella persona que posee titulaci\u00f3n\/es acad\u00e9mica\/s y profesional\/es habilitante\/s, as\u00ed como conocimientos en las actividades acordes con las funciones a desempe\u00f1ar. Los perfiles profesionales de los t\u00e9cnicos competentes se encuentran reflejados habitualmente en ingenieros, ingenieros t\u00e9cnicos, arquitectos y arquitectos t\u00e9cnicos.<\/p>\n<p><strong>\u00bfExisten planos de los cauces o cartograf\u00eda del \u00e1mbito de la Confederaci\u00f3n Hidrogr\u00e1fica y Aguas de Galicia?<\/strong><\/p>\n<p>La Confederaci\u00f3n Hidrogr\u00e1fica del Mi\u00f1o-Sil no dispone de cartograf\u00eda propia, utiliza cartograf\u00eda elaborada por los \u00f3rganos competentes (el IGN \u2014Instituto Geogr\u00e1fico Nacional\u2014, a nivel nacional y los distintos organismos competentes a nivel regional o provincial). Si la precisi\u00f3n de la cartograf\u00eda p\u00fablica resulta ser insuficiente, deber\u00e1 efectuarse el correspondiente levantamiento topogr\u00e1fico.<\/p>\n<p>[\/et_pb_text][\/et_pb_column][\/et_pb_row][\/et_pb_section]<\/p>\n","protected":false},"excerpt":{"rendered":"<p>Informes periciales y valoraciones &nbsp; En Grupo Rodespi le podemos asesorar en todo lo relacionado con legalizaciones de aguas y adem\u00e1s LE SOLUCIONAMOS: TRA\u00cdDAS DE AGUA Gesti\u00f3n para la solicitud de constituci\u00f3n de comunidades de usuarios y aprobaci\u00f3n de la correspondiente ordenanza, reglamento o convenio Solicitud de reforma de ordenanzas y reglamentos o convenios de [&hellip;]<\/p>\n","protected":false},"author":1,"featured_media":0,"parent":0,"menu_order":0,"comment_status":"closed","ping_status":"closed","template":"","meta":{"_et_pb_use_builder":"on","_et_pb_old_content":"","_et_gb_content_width":"","footnotes":""},"class_list":["post-154","page","type-page","status-publish","hentry"],"_links":{"self":[{"href":"http:\/\/rodespi.es\/en\/wp-json\/wp\/v2\/pages\/154","targetHints":{"allow":["GET"]}}],"collection":[{"href":"http:\/\/rodespi.es\/en\/wp-json\/wp\/v2\/pages"}],"about":[{"href":"http:\/\/rodespi.es\/en\/wp-json\/wp\/v2\/types\/page"}],"author":[{"embeddable":true,"href":"http:\/\/rodespi.es\/en\/wp-json\/wp\/v2\/users\/1"}],"replies":[{"embeddable":true,"href":"http:\/\/rodespi.es\/en\/wp-json\/wp\/v2\/comments?post=154"}],"version-history":[{"count":5,"href":"http:\/\/rodespi.es\/en\/wp-json\/wp\/v2\/pages\/154\/revisions"}],"predecessor-version":[{"id":339,"href":"http:\/\/rodespi.es\/en\/wp-json\/wp\/v2\/pages\/154\/revisions\/339"}],"wp:attachment":[{"href":"http:\/\/rodespi.es\/en\/wp-json\/wp\/v2\/media?parent=154"}],"curies":[{"name":"wp","href":"https:\/\/api.w.org\/{rel}","templated":true}]}}