{"id":158,"date":"2025-12-17T00:36:58","date_gmt":"2025-12-16T23:36:58","guid":{"rendered":"http:\/\/nuevaweb.rodespi.es\/?page_id=158"},"modified":"2025-12-17T00:39:52","modified_gmt":"2025-12-16T23:39:52","slug":"administracion-de-fincas-y-seguros","status":"publish","type":"page","link":"http:\/\/rodespi.es\/en\/administracion-de-fincas-y-seguros\/","title":{"rendered":"Property management and insurance"},"content":{"rendered":"<p>[et_pb_section fb_built=\u00bb1&#8243; _builder_version=\u00bb4.27.5&#8243; _module_preset=\u00bbdefault\u00bb global_colors_info=\u00bb{}\u00bb][et_pb_row _builder_version=\u00bb4.27.5&#8243; _module_preset=\u00bbdefault\u00bb global_colors_info=\u00bb{}\u00bb][et_pb_column type=\u00bb4_4&#8243; _builder_version=\u00bb4.27.5&#8243; _module_preset=\u00bbdefault\u00bb global_colors_info=\u00bb{}\u00bb][et_pb_text _builder_version=\u00bb4.27.5&#8243; _module_preset=\u00bbdefault\u00bb text_font=\u00bb||||||||\u00bb header_2_text_color=\u00bb#79be25&#8243; global_colors_info=\u00bb{}\u00bb]<\/p>\n<h1 class=\"entry-title\">Administraci\u00f3n de fincas y seguros<\/h1>\n<div class=\"single-content\">\n<h2><strong><\/strong><\/h2>\n<p>&nbsp;<\/p>\n<\/div>\n<p>[\/et_pb_text][\/et_pb_column][\/et_pb_row][et_pb_row column_structure=\u00bb1_2,1_2&#8243; _builder_version=\u00bb4.27.5&#8243; _module_preset=\u00bbdefault\u00bb global_colors_info=\u00bb{}\u00bb][et_pb_column type=\u00bb1_2&#8243; _builder_version=\u00bb4.27.5&#8243; _module_preset=\u00bbdefault\u00bb global_colors_info=\u00bb{}\u00bb][et_pb_text _builder_version=\u00bb4.27.5&#8243; _module_preset=\u00bbdefault\u00bb text_line_height=\u00bb2em\u00bb header_2_text_color=\u00bb#79be25&#8243; global_colors_info=\u00bb{}\u00bb]<\/p>\n<h2><strong>ADMINISTRACION DE FINCAS:<\/strong><\/h2>\n<p>A lo largo de estos a\u00f1os hemos ido adaptando nuestra empresa a los \u00faltimos avances tecnol\u00f3gicos e inform\u00e1ticos, unido a una formaci\u00f3n continuada de nuestro equipo humano, la uni\u00f3n de estos dos factores nos hace ser lideres en nuestro sector, al poder ofrecer a nuestros clientes un servicio altamente cualificado. La organizaci\u00f3n interna de nuestra empresa nos permite ofrecer a todos nuestros clientes una atenci\u00f3n personalizada a trav\u00e9s de la figura del coordinador. Esta persona es la interlocutora con los responsables de la Comunidad. Asiste a las Juntas, tanto ordinarias como extraordinarias y hace un seguimiento continuo de la actividad cotidiana de la finca.<\/p>\n<ul>\n<li>GESTI\u00d3N INTEGRAL DE COMUNIDADES.<\/li>\n<li>MANTENIMIENTO DE INSTALACIONES.<\/li>\n<li>ASESORAMIENTO JUR\u00cdDICO.<\/li>\n<\/ul>\n<p>Nuestro objetivo es el de optimizar los recursos de su comunidad, ajustando el gasto sin descuidar la calidad de los servicios que recibe.<\/p>\n<p>Realizamos la gesti\u00f3n econ\u00f3mica de su comunidad, mediante la realizaci\u00f3n de presupuestos anuales, desglose de ingresos y gastos de cada vecino, reclamaci\u00f3n de impagos, tramitaci\u00f3n de ayudas y subvenciones, control de los proveedores, etc.<\/p>\n<p>Realizamos tambi\u00e9n la gesti\u00f3n administrativa, organizando la convocatoria de las juntas, redacci\u00f3n de las actas, env\u00edo de circulares y avisos, etc.<\/p>\n<p>[\/et_pb_text][\/et_pb_column][et_pb_column type=\u00bb1_2&#8243; _builder_version=\u00bb4.27.5&#8243; _module_preset=\u00bbdefault\u00bb global_colors_info=\u00bb{}\u00bb][et_pb_image src=\u00bbhttp:\/\/rodespi.es\/wp-content\/uploads\/2025\/12\/Administracion-de-fincas-1.jpg\u00bb title_text=\u00bbAdministraci\u00f3n de fincas\u00bb _builder_version=\u00bb4.27.5&#8243; _module_preset=\u00bbdefault\u00bb hover_enabled=\u00bb0&#8243; global_colors_info=\u00bb{}\u00bb sticky_enabled=\u00bb0&#8243;][\/et_pb_image][\/et_pb_column][\/et_pb_row][et_pb_row _builder_version=\u00bb4.27.5&#8243; _module_preset=\u00bbdefault\u00bb global_colors_info=\u00bb{}\u00bb][et_pb_column type=\u00bb4_4&#8243; _builder_version=\u00bb4.27.5&#8243; _module_preset=\u00bbdefault\u00bb global_colors_info=\u00bb{}\u00bb][et_pb_text _builder_version=\u00bb4.27.5&#8243; _module_preset=\u00bbdefault\u00bb text_line_height=\u00bb2em\u00bb header_2_text_color=\u00bb#79be25&#8243; global_colors_info=\u00bb{}\u00bb]<\/p>\n<h2><strong>Seguros<\/strong><\/h2>\n<p>\u00bfPor qu\u00e9 correr riesgos innecesarios cuando puedes asegurar tus bienes y actividades en Rodespi?. Nuestro acuerdo de colaboraci\u00f3n con el grupo multinacional AXA-Winterthur nos proporciona la capacidad de responder a cualquier necesidad que necesites cubrir, todo ello con las m\u00e1ximas garant\u00edas profesionales.<\/p>\n<ul>\n<li>VEH\u00cdCULOS<\/li>\n<li>HOGAR<\/li>\n<li>SALUD<\/li>\n<li>RESPONSABILIDAD CIVIL<\/li>\n<li>MERCANC\u00cdAS<\/li>\n<li>ACTIVIDAD<\/li>\n<li>\u2026<\/li>\n<\/ul>\n<p>[\/et_pb_text][\/et_pb_column][\/et_pb_row][\/et_pb_section]<\/p>\n","protected":false},"excerpt":{"rendered":"<p>Administraci\u00f3n de fincas y seguros &nbsp; ADMINISTRACION DE FINCAS: A lo largo de estos a\u00f1os hemos ido adaptando nuestra empresa a los \u00faltimos avances tecnol\u00f3gicos e inform\u00e1ticos, unido a una formaci\u00f3n continuada de nuestro equipo humano, la uni\u00f3n de estos dos factores nos hace ser lideres en nuestro sector, al poder ofrecer a nuestros clientes [&hellip;]<\/p>\n","protected":false},"author":1,"featured_media":0,"parent":0,"menu_order":0,"comment_status":"closed","ping_status":"closed","template":"","meta":{"_et_pb_use_builder":"on","_et_pb_old_content":"","_et_gb_content_width":"","footnotes":""},"class_list":["post-158","page","type-page","status-publish","hentry"],"_links":{"self":[{"href":"http:\/\/rodespi.es\/en\/wp-json\/wp\/v2\/pages\/158","targetHints":{"allow":["GET"]}}],"collection":[{"href":"http:\/\/rodespi.es\/en\/wp-json\/wp\/v2\/pages"}],"about":[{"href":"http:\/\/rodespi.es\/en\/wp-json\/wp\/v2\/types\/page"}],"author":[{"embeddable":true,"href":"http:\/\/rodespi.es\/en\/wp-json\/wp\/v2\/users\/1"}],"replies":[{"embeddable":true,"href":"http:\/\/rodespi.es\/en\/wp-json\/wp\/v2\/comments?post=158"}],"version-history":[{"count":3,"href":"http:\/\/rodespi.es\/en\/wp-json\/wp\/v2\/pages\/158\/revisions"}],"predecessor-version":[{"id":163,"href":"http:\/\/rodespi.es\/en\/wp-json\/wp\/v2\/pages\/158\/revisions\/163"}],"wp:attachment":[{"href":"http:\/\/rodespi.es\/en\/wp-json\/wp\/v2\/media?parent=158"}],"curies":[{"name":"wp","href":"https:\/\/api.w.org\/{rel}","templated":true}]}}