{"id":3,"date":"2025-12-09T23:52:30","date_gmt":"2025-12-09T22:52:30","guid":{"rendered":"http:\/\/nuevaweb.rodespi.es\/?page_id=3"},"modified":"2025-12-11T00:39:08","modified_gmt":"2025-12-10T23:39:08","slug":"politica-privacidad","status":"publish","type":"page","link":"http:\/\/rodespi.es\/en\/politica-privacidad\/","title":{"rendered":"Privacy Policy"},"content":{"rendered":"<p>[et_pb_section fb_built=\u00bb1&#8243; admin_label=\u00bbsection\u00bb _builder_version=\u00bb4.16&#8243; global_colors_info=\u00bb{}\u00bb][et_pb_row admin_label=\u00bbrow\u00bb _builder_version=\u00bb4.16&#8243; background_size=\u00bbinitial\u00bb background_position=\u00bbtop_left\u00bb background_repeat=\u00bbrepeat\u00bb global_colors_info=\u00bb{}\u00bb][et_pb_column type=\u00bb4_4&#8243; _builder_version=\u00bb4.16&#8243; custom_padding=\u00bb|||\u00bb global_colors_info=\u00bb{}\u00bb custom_padding__hover=\u00bb|||\u00bb][et_pb_text admin_label=\u00bbText\u00bb _builder_version=\u00bb4.27.5&#8243; background_size=\u00bbinitial\u00bb background_position=\u00bbtop_left\u00bb background_repeat=\u00bbrepeat\u00bb hover_enabled=\u00bb0&#8243; global_colors_info=\u00bb{}\u00bb sticky_enabled=\u00bb0&#8243; text_font=\u00bb|300|||||||\u00bb]<\/p>\n<h1 class=\"entry-title\">Protecci\u00f3n de datos de car\u00e1cter personal<\/h1>\n<div class=\"single-content\">\n<p>&nbsp;<\/p>\n<p><strong>\u201cInformaci\u00f3n sobre protecci\u00f3n de datos\u201d<\/strong><\/p>\n<p>En cumplimiento del \u201cReglamento General de Protecci\u00f3n de Datos\u00a0 REGLAMENTO (UE) 2016\/679 DEL PARLAMENTO EUROPEO Y DEL CONSEJO de 27 de abril de 2016 relativo a la\u00a0 protecci\u00f3n de las personas f\u00edsicas\u201d y en el que respeta al tratamiento de datos personales y a la libre circulaci\u00f3n de estos datos y en\u00a0 cumplimiento del art\u00edculo 4.11, antes de firmar el formulario, debe leer la informaci\u00f3n b\u00e1sica sobre protecci\u00f3n de datos que se presenta, y aceptar con su firma su\u00a0 \u201cconsentimiento expreso\u201d en el tratamiento de datos personales que le pertenecen.<\/p>\n<p>Siguiendo los principios de licitud, lealtad y transparencia, ponemos a su disposici\u00f3n a siguiente informaci\u00f3n sobre el tratamiento que realizaremos de sus datos de car\u00e1cter personal.<\/p>\n<p>&nbsp;<\/p>\n<p><strong>\u00bfQUI\u00c9N ES El RESPONSABLE DEL TRATAMIENTO DE SUS DATOS DE CAR\u00c1CTER PERSONAL?<\/strong><\/p>\n<p>Identidad: SOLUCIONES PARA EL RURAL INTEGA S.L.<\/p>\n<p>CIF:\u00a0 B-94.127.081<\/p>\n<p>Direcci\u00f3n: R\u00daA PROGRESO N\u00ba53, BAJO. A CA\u00d1IZA. PONTEVEDRA<\/p>\n<p>Tel\u00e9fono: 986 652 144<\/p>\n<p>Correo:\u00a0<a href=\"mailto:rodespi@rodespi.es\">rodespi@rodespi.es<\/a><\/p>\n<p>&nbsp;<\/p>\n<p><strong>\u00bfCON QU\u00c9 FINALIDAD TRATAMOS SUS DATOS?<\/strong><\/p>\n<p>\u00danicamente tratamos los datos de car\u00e1cter personal que nos facilita con la finalidad de \u201catender su solicitud y prestaci\u00f3n de servicio\u201d o para resolver consultas que nos plantee.<\/p>\n<p>A tal efecto y para cumplir con estas finalidades, es importante que nos informe de cualquier modificaci\u00f3n que se produzcan nos sus datos personales a fin de mantenerlos actualizados. En caso contrario no respondemos de la veracidad de los mismos.<\/p>\n<p>Sus datos ser\u00e1n conservados el tiempo m\u00ednimo necesario para satisfacer la finalidad para la cual nos los facilit\u00f3, as\u00ed como para atender las responsabilidades que se haya podido derivar de los datos suministrados o de cualquier otra exigencia legal.<\/p>\n<p>&nbsp;<\/p>\n<p><strong>\u00bfCU\u00c1L ES LA LEGITIMACI\u00d3N PARA El TRATAMIENTO DE SUS DATOS?<\/strong><\/p>\n<p>La base legal para el tratamiento de sus datos personales es el consentimiento expreso que firma en esta autorizaci\u00f3n. Los datos son adecuados, pertinentes y estrictamente necesarios para dar respuesta a su solicitud.<\/p>\n<p>&nbsp;<\/p>\n<p><strong>\u00bfA QU\u00c9 DESTINATARIOS COMUNICAREMOS SUS DATOS?<\/strong><\/p>\n<p>SOLUCIONES PARA EL RURAL INTEGA S.L. no comunicar\u00e1 sus datos a ning\u00fan tercero, salvo que le informemos expresamente o exista un deber legal.<\/p>\n<p>&nbsp;<\/p>\n<p><strong>\u00bfCU\u00c1LES SON SUS DERECHOS?<\/strong><\/p>\n<p>Los derechos de protecci\u00f3n de datos de los que usted dispone como titular o interesado son:<\/p>\n<ul>\n<li>Derecho a solicitar el acceso a los datos personales relativos el interesado, rectificaci\u00f3n, supresi\u00f3n y oposici\u00f3n.<\/li>\n<li>Derecho a solicitar la limitaci\u00f3n de su tratamiento: En determinadas circunstancias, los interesados podr\u00e1n solicitar la limitaci\u00f3n del tratamiento de sus datos. En cuyo caso \u00fanicamente los conservaremos para el ejercicio o la defensa de reclamaciones.<\/li>\n<li>Derecho a la portabilidad de los datos: En determinadas circunstancias y por motivos relacionados con su situaci\u00f3n particular, los interesados podr\u00e1n solicitar recibir los datos personales facilitados en el formulario, en un formato estructurado, de uso com\u00fan y legible por m\u00e1quina, as\u00ed como transmitir dichos datos a otro responsable de tratamiento sin impedimentos, siempre que los datos se encuentren en soporte automatizado.<\/li>\n<\/ul>\n<p>Podr\u00e1 ejercer sus derechos de protecci\u00f3n de datos personales dirigiendo una comunicaci\u00f3n por escrito al SOLUCIONES PARA EL RURAL INTEGA S.L. o al correo electr\u00f3nico\u00a0<a href=\"mailto:rodespi@rodespi.es\">rodespi@rodespi.es<\/a>\u00a0habilitado a tal efecto, incluyendo en ambos casos, fotocopia de su DNI u otro documento de identificaci\u00f3n equivalente.<\/p>\n<p>&nbsp;<\/p>\n<p><strong>Cookies.<\/strong><br \/>Con el fin de controlar la sesi\u00f3n del usuario, www.rodespi.es utiliza cookies cuando \u00e9ste navega por los sitios y p\u00e1ginas web del Portal. Mediante dichas cookies el sistema identifica al usuario, evitando as\u00ed que \u00e9ste deba volver a introducir su Identificaci\u00f3n y Contrase\u00f1a, al mismo tiempo que permite mantener sus personalizaciones, y le notifica el n\u00famero de mensajes recibidos y pendientes de lectura. No obstante, si el usuario lo desea, puede denegar el acceso de todo tipo de cookies desde la opci\u00f3n de men\u00fa correspondiente a su propio navegador.<br \/>Las cookies utilizadas no pueden leer datos de su disco duro ni leer los archivos cookie creados por otros proveedores. Las cookies utilizadas no son nocivas y s\u00f3lo se utilizan durante la sesi\u00f3n del usuario.<\/p>\n<p>&nbsp;<\/p>\n<p><strong>\u00bfQUE HACEMOS PARA GARANTIZAR LA SEGURIDAD Y CONFIDENCIALIDAD DE SUS DATOS?<\/strong><\/p>\n<p>Con el objetivo de salvaguardar la seguridad de sus datos personales, le informamos que SOLUCIONES PARA EL RURAL INTEGA S.L., adopt\u00f3 todas las medidas de \u00edndole t\u00e9cnica y organizativa necesarias para garantizar la seguridad de los datos personales suministrados. Todo hecho para evitar su alteraci\u00f3n, p\u00e9rdida, y\/o tratamiento de accesos no autorizados, tal y como se exige en la normativa europea, si bien la seguridad absoluta no existe.<\/p>\n<p>Asimismo, SOLUCIONES PARA EL RURAL INTEGA S.L., le informa que todo nuestro personal, cualquiera que sea la fase del tratamiento en el que interviene, adopt\u00f3 el compromiso de tratar sus datos con el m\u00e1ximo celo y confidencialidad. Le recordamos que SOLUCIONES PARA EL RURAL INTEGA S.L. , no ceder\u00e1 ni comunicar\u00e1 sus datos a terceros, excepto en los casos legalmente previstos.<\/p>\n<p>Le\u00eddo lo anterior autorizo de manera voluntaria, previa y expresa al SOLUCIONES PARA EL RURAL INTEGA S.L. para tratar mi informaci\u00f3n personal de acuerdo con el Documento de Tratamiento de Datos Personales, para los fines relacionados anteriormente.<\/p>\n<\/div>\n<p>[\/et_pb_text][\/et_pb_column][\/et_pb_row][\/et_pb_section]<\/p>\n","protected":false},"excerpt":{"rendered":"<p>Protecci\u00f3n de datos de car\u00e1cter personal &nbsp; \u201cInformaci\u00f3n sobre protecci\u00f3n de datos\u201d En cumplimiento del \u201cReglamento General de Protecci\u00f3n de Datos\u00a0 REGLAMENTO (UE) 2016\/679 DEL PARLAMENTO EUROPEO Y DEL CONSEJO de 27 de abril de 2016 relativo a la\u00a0 protecci\u00f3n de las personas f\u00edsicas\u201d y en el que respeta al tratamiento de datos personales y [&hellip;]<\/p>\n","protected":false},"author":1,"featured_media":0,"parent":0,"menu_order":0,"comment_status":"closed","ping_status":"open","template":"","meta":{"_et_pb_use_builder":"on","_et_pb_old_content":"<!-- wp:heading -->\n<h2 class=\"wp-block-heading\">Qui\u00e9nes somos<\/h2>\n<!-- \/wp:heading -->\n<!-- wp:paragraph -->\n<p><strong class=\"privacy-policy-tutorial\">Texto sugerido: <\/strong>La direcci\u00f3n de nuestra web es: http:\/\/rodespi.es.<\/p>\n<!-- \/wp:paragraph -->\n<!-- wp:heading -->\n<h2 class=\"wp-block-heading\">Comentarios<\/h2>\n<!-- \/wp:heading -->\n<!-- wp:paragraph -->\n<p><strong class=\"privacy-policy-tutorial\">Texto sugerido: <\/strong>Cuando los visitantes dejan comentarios en la web, recopilamos los datos que se muestran en el formulario de comentarios, as\u00ed como la direcci\u00f3n IP del visitante y la cadena de agentes de usuario del navegador para ayudar a la detecci\u00f3n de spam.<\/p>\n<!-- \/wp:paragraph -->\n<!-- wp:paragraph -->\n<p>Una cadena an\u00f3nima creada a partir de tu direcci\u00f3n de correo electr\u00f3nico (tambi\u00e9n llamada hash) puede ser proporcionada al servicio de Gravatar para ver si la est\u00e1s usando. La pol\u00edtica de privacidad del servicio Gravatar est\u00e1 disponible aqu\u00ed: https:\/\/automattic.com\/privacy\/. Despu\u00e9s de la aprobaci\u00f3n de tu comentario, la imagen de tu perfil es visible para el p\u00fablico en el contexto de tu comentario.<\/p>\n<!-- \/wp:paragraph -->\n<!-- wp:heading -->\n<h2 class=\"wp-block-heading\">Medios<\/h2>\n<!-- \/wp:heading -->\n<!-- wp:paragraph -->\n<p><strong class=\"privacy-policy-tutorial\">Texto sugerido: <\/strong>Si subes im\u00e1genes a la web, deber\u00edas evitar subir im\u00e1genes con datos de ubicaci\u00f3n (GPS EXIF) incluidos. Los visitantes de la web pueden descargar y extraer cualquier dato de ubicaci\u00f3n de las im\u00e1genes de la web.<\/p>\n<!-- \/wp:paragraph -->\n<!-- wp:heading -->\n<h2 class=\"wp-block-heading\">Cookies<\/h2>\n<!-- \/wp:heading -->\n<!-- wp:paragraph -->\n<p><strong class=\"privacy-policy-tutorial\">Texto sugerido: <\/strong>Si dejas un comentario en nuestro sitio puedes elegir guardar tu nombre, direcci\u00f3n de correo electr\u00f3nico y web en cookies. Esto es para tu comodidad, para que no tengas que volver a rellenar tus datos cuando dejes otro comentario. Estas cookies tendr\u00e1n una duraci\u00f3n de un a\u00f1o.<\/p>\n<!-- \/wp:paragraph -->\n<!-- wp:paragraph -->\n<p>Si tienes una cuenta y te conectas a este sitio, instalaremos una cookie temporal para determinar si tu navegador acepta cookies. Esta cookie no contiene datos personales y se elimina al cerrar el navegador.<\/p>\n<!-- \/wp:paragraph -->\n<!-- wp:paragraph -->\n<p>Cuando accedas, tambi\u00e9n instalaremos varias cookies para guardar tu informaci\u00f3n de acceso y tus opciones de visualizaci\u00f3n de pantalla. Las cookies de acceso duran dos d\u00edas, y las cookies de opciones de pantalla duran un a\u00f1o. Si seleccionas \u00abRecu\u00e9rdarme\u00bb, tu acceso perdurar\u00e1 durante dos semanas. Si sales de tu cuenta, las cookies de acceso se eliminar\u00e1n.<\/p>\n<!-- \/wp:paragraph -->\n<!-- wp:paragraph -->\n<p>Si editas o publicas un art\u00edculo se guardar\u00e1 una cookie adicional en tu navegador. Esta cookie no incluye datos personales y simplemente indica el ID del art\u00edculo que acabas de editar. Caduca despu\u00e9s de 1 d\u00eda.<\/p>\n<!-- \/wp:paragraph -->\n<!-- wp:heading -->\n<h2 class=\"wp-block-heading\">Contenido incrustado de otros sitios web<\/h2>\n<!-- \/wp:heading -->\n<!-- wp:paragraph -->\n<p><strong class=\"privacy-policy-tutorial\">Texto sugerido: <\/strong>Los art\u00edculos de este sitio pueden incluir contenido incrustado (por ejemplo, v\u00eddeos, im\u00e1genes, art\u00edculos, etc.). El contenido incrustado de otras webs se comporta exactamente de la misma manera que si el visitante hubiera visitado la otra web.<\/p>\n<!-- \/wp:paragraph -->\n<!-- wp:paragraph -->\n<p>Estas web pueden recopilar datos sobre ti, utilizar cookies, incrustar un seguimiento adicional de terceros, y supervisar tu interacci\u00f3n con ese contenido incrustado, incluido el seguimiento de tu interacci\u00f3n con el contenido incrustado si tienes una cuenta y est\u00e1s conectado a esa web.<\/p>\n<!-- \/wp:paragraph -->\n<!-- wp:heading -->\n<h2 class=\"wp-block-heading\">Con qui\u00e9n compartimos tus datos<\/h2>\n<!-- \/wp:heading -->\n<!-- wp:paragraph -->\n<p><strong class=\"privacy-policy-tutorial\">Texto sugerido: <\/strong>Si solicitas un restablecimiento de contrase\u00f1a, tu direcci\u00f3n IP ser\u00e1 incluida en el correo electr\u00f3nico de restablecimiento.<\/p>\n<!-- \/wp:paragraph -->\n<!-- wp:heading -->\n<h2 class=\"wp-block-heading\">Cu\u00e1nto tiempo conservamos tus datos<\/h2>\n<!-- \/wp:heading -->\n<!-- wp:paragraph -->\n<p><strong class=\"privacy-policy-tutorial\">Texto sugerido: <\/strong>Si dejas un comentario, el comentario y sus metadatos se conservan indefinidamente. Esto es para que podamos reconocer y aprobar comentarios sucesivos autom\u00e1ticamente, en lugar de mantenerlos en una cola de moderaci\u00f3n.<\/p>\n<!-- \/wp:paragraph -->\n<!-- wp:paragraph -->\n<p>De los usuarios que se registran en nuestra web (si los hay), tambi\u00e9n almacenamos la informaci\u00f3n personal que proporcionan en su perfil de usuario. Todos los usuarios pueden ver, editar o eliminar su informaci\u00f3n personal en cualquier momento (excepto que no pueden cambiar su nombre de usuario). Los administradores de la web tambi\u00e9n pueden ver y editar esa informaci\u00f3n.<\/p>\n<!-- \/wp:paragraph -->\n<!-- wp:heading -->\n<h2 class=\"wp-block-heading\">Qu\u00e9 derechos tienes sobre tus datos<\/h2>\n<!-- \/wp:heading -->\n<!-- wp:paragraph -->\n<p><strong class=\"privacy-policy-tutorial\">Texto sugerido: <\/strong>Si tienes una cuenta o has dejado comentarios en esta web, puedes solicitar recibir un archivo de exportaci\u00f3n de los datos personales que tenemos sobre ti, incluyendo cualquier dato que nos hayas proporcionado. Tambi\u00e9n puedes solicitar que eliminemos cualquier dato personal que tengamos sobre ti. Esto no incluye ning\u00fan dato que estemos obligados a conservar con fines administrativos, legales o de seguridad.<\/p>\n<!-- \/wp:paragraph -->\n<!-- wp:heading -->\n<h2 class=\"wp-block-heading\">D\u00f3nde se env\u00edan tus datos<\/h2>\n<!-- \/wp:heading -->\n<!-- wp:paragraph -->\n<p><strong class=\"privacy-policy-tutorial\">Texto sugerido: <\/strong>Los comentarios de los visitantes puede que los revise un servicio de detecci\u00f3n autom\u00e1tica de spam.<\/p>\n<!-- \/wp:paragraph -->\n","_et_gb_content_width":"","footnotes":""},"class_list":["post-3","page","type-page","status-publish","hentry"],"_links":{"self":[{"href":"http:\/\/rodespi.es\/en\/wp-json\/wp\/v2\/pages\/3","targetHints":{"allow":["GET"]}}],"collection":[{"href":"http:\/\/rodespi.es\/en\/wp-json\/wp\/v2\/pages"}],"about":[{"href":"http:\/\/rodespi.es\/en\/wp-json\/wp\/v2\/types\/page"}],"author":[{"embeddable":true,"href":"http:\/\/rodespi.es\/en\/wp-json\/wp\/v2\/users\/1"}],"replies":[{"embeddable":true,"href":"http:\/\/rodespi.es\/en\/wp-json\/wp\/v2\/comments?post=3"}],"version-history":[{"count":2,"href":"http:\/\/rodespi.es\/en\/wp-json\/wp\/v2\/pages\/3\/revisions"}],"predecessor-version":[{"id":53,"href":"http:\/\/rodespi.es\/en\/wp-json\/wp\/v2\/pages\/3\/revisions\/53"}],"wp:attachment":[{"href":"http:\/\/rodespi.es\/en\/wp-json\/wp\/v2\/media?parent=3"}],"curies":[{"name":"wp","href":"https:\/\/api.w.org\/{rel}","templated":true}]}}