{"id":72,"date":"2025-12-11T01:07:46","date_gmt":"2025-12-11T00:07:46","guid":{"rendered":"http:\/\/nuevaweb.rodespi.es\/?page_id=72"},"modified":"2026-02-19T01:33:31","modified_gmt":"2026-02-19T00:33:31","slug":"mediciones-y-topografia-2","status":"publish","type":"page","link":"http:\/\/rodespi.es\/en\/mediciones-y-topografia-2\/","title":{"rendered":"Measurements and topography"},"content":{"rendered":"<p>[et_pb_section fb_built=\u00bb1&#8243; _builder_version=\u00bb4.27.5&#8243; _module_preset=\u00bbdefault\u00bb global_colors_info=\u00bb{}\u00bb][et_pb_row _builder_version=\u00bb4.27.5&#8243; _module_preset=\u00bbdefault\u00bb global_colors_info=\u00bb{}\u00bb][et_pb_column type=\u00bb4_4&#8243; _builder_version=\u00bb4.27.5&#8243; _module_preset=\u00bbdefault\u00bb global_colors_info=\u00bb{}\u00bb][et_pb_text _builder_version=\u00bb4.27.5&#8243; _module_preset=\u00bbdefault\u00bb text_font=\u00bb||||||||\u00bb text_line_height=\u00bb2em\u00bb hover_enabled=\u00bb0&#8243; global_colors_info=\u00bb{}\u00bb sticky_enabled=\u00bb0&#8243;]<\/p>\n<h1 class=\"entry-title\">Mediciones y topograf\u00eda<\/h1>\n<p>&nbsp;<\/p>\n<div class=\"single-content\">\n<ul>\n<li>Mediciones de parcelas<\/li>\n<li>Planos de parcelas y solares<\/li>\n<li>Levantamientos topogr\u00e1ficos para proyectos de arquitectura e ingenier\u00eda<\/li>\n<li>Informes t\u00e9cnicos para Catastro, expropiaciones, bufetes de abogados, etc.<\/li>\n<li>C\u00e1lculo de superficies<\/li>\n<li>Divisi\u00f3n y segregaci\u00f3n de fincas<\/li>\n<li>Cubicaciones<\/li>\n<li>Nivelaciones<\/li>\n<li>Levantamiento de planos interiores<\/li>\n<li>Medici\u00f3n de alturas<\/li>\n<\/ul>\n<p>Los motivos para realizar una medici\u00f3n de una parcela son muy variados: inexactitudes del Catastro, del Registro de la Propiedad, del Sigpac, diferencias entre ellos, particiones de la parcela por motivos de herencia o venta, verificaci\u00f3n de la exactitud de las expropiaciones, delimitaci\u00f3n precisa de las lindes por un conflicto con el colindante, desconocimiento de la localizaci\u00f3n exacta de un terreno por no existir planos oficiales, entre muchos otros.<\/p>\n<p>Para determinar con exactitud la forma y dimensiones siempre es necesario realizar una medici\u00f3n de la parcela, aclarando los l\u00edmites y separaciones de los linderos.<\/p>\n<p>En los casos m\u00e1s complejos, de forma previa, realizamos un estudio documental en archivos oficiales (Archivo Hist\u00f3rico, Catastro, Registro de la Propiedad y visores de vuelos oficiales) para conseguir informaci\u00f3n y contrastarla con la realidad.<\/p>\n<p>En ocasiones hemos tenido que realizar estudios topon\u00edmicos para determinar los lindes, dada la imprecisi\u00f3n y antig\u00fcedad de los datos existentes.<\/p>\n<p>Una vez realizado este estudio previo, necesario en algunas ocasiones, procedemos a desplazarnos a su parcela, finca o terreno para realizar las mediciones de campo y determinar los l\u00edmites exactos de su propiedad.<\/p>\n<p>Cuando existen lindes definidos (muros, barrancos, infraestructuras, mojones, etc.) nuestro trabajo es \u00fanicamente t\u00e9cnico. En otras ocasiones precisamos de su ayuda, o de los vecinos colindantes, para determinar la ubicaci\u00f3n de los l\u00edmites de las distintas propiedades.<\/p>\n<p>Una vez definido, de una forma te\u00f3rica, el alcance de nuestro trabajo procedemos a realizar la medici\u00f3n de los puntos de los linderos que forman su propiedad.<\/p>\n<p>Para ello utilizamos aparatos de medida de alta precisi\u00f3n que capturan la informaci\u00f3n de los puntos a medir mediante una estaci\u00f3n total, con o sin prisma, para tomar los datos en los puntos necesarios para realizar posteriormente los planos. Contamos tambi\u00e9n con un equipo de GPS de alta precisi\u00f3n, que nos permite georreferenciar nuestros trabajos, dotando de coordenadas globales todas nuestras mediciones, algo ya exigido por muchos organismos.<\/p>\n<p>Si usted lo solicita, tambi\u00e9n marcamos sobre el terreno de forma real los l\u00edmites de la parcela para definir donde est\u00e1n las lindes; y que usted pueda proceder posteriormente a la construcci\u00f3n de estructuras m\u00e1s estables (mojones, vallas, muros, etc.) para su delimitaci\u00f3n.<\/p>\n<p>Una vez que hemos recogido la informaci\u00f3n procedemos, en nuestra oficina, a analizarla y a dibujar el plano de la parcela, finca o terreno.<\/p>\n<h2>ALGUNOS DE NUESTROS CLIENTES<\/h2>\n<p>\u00a0 <img loading=\"lazy\" decoding=\"async\" src=\"http:\/\/rodespi.es\/wp-content\/uploads\/2026\/02\/Covelo-300x202.jpg\" width=\"300\" height=\"202\" alt=\"\" class=\"wp-image-331 alignnone size-medium\" srcset=\"http:\/\/rodespi.es\/wp-content\/uploads\/2026\/02\/Covelo-300x202.jpg 300w, http:\/\/rodespi.es\/wp-content\/uploads\/2026\/02\/Covelo-18x12.jpg 18w, http:\/\/rodespi.es\/wp-content\/uploads\/2026\/02\/Covelo.jpg 393w\" sizes=\"(max-width: 300px) 100vw, 300px\" \/> <img loading=\"lazy\" decoding=\"async\" src=\"http:\/\/rodespi.es\/wp-content\/uploads\/2026\/02\/Caniza-300x202.jpg\" width=\"300\" height=\"202\" alt=\"\" class=\"wp-image-332 alignnone size-medium\" srcset=\"http:\/\/rodespi.es\/wp-content\/uploads\/2026\/02\/Caniza-300x202.jpg 300w, http:\/\/rodespi.es\/wp-content\/uploads\/2026\/02\/Caniza-18x12.jpg 18w, http:\/\/rodespi.es\/wp-content\/uploads\/2026\/02\/Caniza.jpg 393w\" sizes=\"(max-width: 300px) 100vw, 300px\" \/>\u00a0\u00a0<span>\u00a0<\/span>\u00a0\u00a0 \u00a0<span> <img loading=\"lazy\" decoding=\"async\" src=\"http:\/\/rodespi.es\/wp-content\/uploads\/2026\/02\/Obispado-de-tui-300x202.png\" width=\"300\" height=\"202\" alt=\"\" class=\"wp-image-333 alignnone size-medium\" srcset=\"http:\/\/rodespi.es\/wp-content\/uploads\/2026\/02\/Obispado-de-tui-300x202.png 300w, http:\/\/rodespi.es\/wp-content\/uploads\/2026\/02\/Obispado-de-tui-18x12.png 18w, http:\/\/rodespi.es\/wp-content\/uploads\/2026\/02\/Obispado-de-tui.png 393w\" sizes=\"(max-width: 300px) 100vw, 300px\" \/><\/span><a href=\"https:\/\/www.rodespi.es\/cms\/wp-content\/uploads\/2016\/02\/Obispado-de-Tui-Vigo.jpg\" rel=\"attachment wp-att-20133\"><\/a><\/p>\n<p>Llevamos desarrollando ininterrumpidamente durante m\u00e1s de 10 a\u00f1os proyectos topogr\u00e1ficos de todo tipo.<\/p>\n<p>Nuestros clientes son nuestra mejor referencia. La confianza que depositan en nuestra empresa y la relaci\u00f3n continuada que tenemos con ellos son nuestro mejor aval.<\/p>\n<p>Trabajamos para Administraciones P\u00fablicas, para empresas de ingenier\u00eda y arquitectura, para peque\u00f1as y medianas empresas y para particulares.<\/p>\n<p>Hemos realizado proyectos que comprenden desde mediciones topogr\u00e1ficas para particulares hasta complejos estudios topogr\u00e1ficos para infraestructuras y urbanismo.<\/p>\n<p><strong>Tenemos en nuestro haber la experiencia de m\u00e1s de 2.000 topogr\u00e1ficos de toda \u00edndole.<\/strong><\/p>\n<h2>PREGUNTAS FRECUENTES:<\/h2>\n<p><strong>\u00bfPor qu\u00e9 mi parcela tiene tres superficies distintas?<\/strong><\/p>\n<p>En general ocurre que las parcelas tienen tres superficies distintas: una en la Escritura, otra en el Catastro y otra la superficie real de la parcela en el terreno, esta es la superficie que deber\u00eda reflejar la Escritura y el Catastro. En algunos casos tiene una cuarta superficie, cuando no coincide la superficie del Catastro y la superficie del Registro de la Propiedad.<\/p>\n<p>Problemas<\/p>\n<p>Hay problemas que surgen a la hora de comprar o vender. \u00bfVendo menos m2 de los que realmente tengo? \u00bfEstoy comprando menos m2 de los que pago? Cuando se quiere edificar el proyecto tiene que tener la superficie real, la cual no coincide con la catastral del ayuntamiento, y por lo tanto no me dan la licencia hasta solucionarlo. M\u00e1s problemas: al dividir la parcela, con las herencias, invasi\u00f3n del colindante, en las expropiaciones, y en resumen, en cualquier situaci\u00f3n que tengan que ver con los linderos de la parcela.<\/p>\n<p>La soluci\u00f3n<\/p>\n<p>La soluci\u00f3n es la medici\u00f3n de la parcela en el terreno por un t\u00e9cnico competente en la materia, o lo que es igual, por un ingeniero t\u00e9cnico en topograf\u00eda, el cual realizar\u00e1 las medidas en campo con los m\u00e9todos e instrumentos adecuados para obtener con precisi\u00f3n la superficie real de la parcela. Adem\u00e1s le entregar\u00e1 un plano detallado de la parcela a escala, con los datos de la parcela y un informe t\u00e9cnico del trabajo realizado. Este trabajo topogr\u00e1fico le sirve para evitar todos los problemas citados anteriormente.<\/p>\n<p><strong>\u00bfQu\u00e9 es un plano taquim\u00e9trico?<\/strong><\/p>\n<p>Un plano taquim\u00e9trico es un plano que refleja con precisi\u00f3n la realidad existente en el terreno, en el d\u00eda en que el plano se realiz\u00f3. Por ejemplo: los linderos y elementos existentes en una parcela, el estado de avance de una excavaci\u00f3n o de una construcci\u00f3n, las rasantes y alineaciones de una calle con sus registros, postes, \u00e1rboles, farolas, etc.<\/p>\n<p><strong>\u00bfPara qu\u00e9 sirven?<\/strong><\/p>\n<ul>\n<li>Estos levantamientos, por su precisi\u00f3n o grado de detalle, nos permiten:<\/li>\n<li>Conocer la superficie de parcelas y solares.<\/li>\n<li>Si un colindante nos ha invadido y cuanto.<\/li>\n<li>Realizar informes t\u00e9cnicos para Catastro, expropiaciones, bufetes de abogados, etc.<\/li>\n<li>Planos base para proyectos de arquitectura o ingenier\u00eda.<\/li>\n<li>Cuanto se ha excavado o rellenado en una obra.<\/li>\n<li>Control de Calidad en la construcci\u00f3n, etc<\/li>\n<\/ul>\n<p><strong>Realidad, Registro y Catastro no coinciden, \u00bfqu\u00e9 debo hacer?<\/strong><\/p>\n<ul>\n<li>Medir topogr\u00e1ficamente a pie de campo la finca en cuesti\u00f3n<\/li>\n<li>Certificar la superficie real mediante documento firmado por t\u00e9cnico competente (ingeniero colegiado)<\/li>\n<li>Comparar gr\u00e1ficamente usando planos, las discrepancias entre realidad, Catastro y Registro<\/li>\n<li>Entregar el informe t\u00e9cnico realizado en la correspondiente Gerencia Catastral<\/li>\n<li>Inscribir la superficie real certificada en el Registro de la Propiedad<\/li>\n<\/ul>\n<p><strong>\u00bfPor qu\u00e9 deber\u00edas medir una finca?<\/strong><\/p>\n<ul>\n<li>Tanto si eres vendedor, comprador o incluso si heredas, la medici\u00f3n de una finca te permite saber exactamente las medidas reales de la finca en cuesti\u00f3n, que dichas medidas queden reflejadas en un plano de manera fehaciente y marcar e identificar los lindes de dicha finca, as\u00ed como las posibles demarcaciones existentes (muros, cierres, marcos)<\/li>\n<li>Resoluci\u00f3n de todos los problemas y posibles incoherencias que puedan detectarse en la base de datos de Catastro.<\/li>\n<\/ul>\n<p><strong>\u00bfCu\u00e1l es el requisito que me pedir\u00e1 Catastro para corregir la discrepancia que tengo?<\/strong><\/p>\n<p>Literalmente el requisito del Catastro no es otro que la presentaci\u00f3n de planos acotados, superficiados y a escala de la finca objeto de reclamaci\u00f3n, realizados por t\u00e9cnico competente en la materia. Tambi\u00e9n pedir\u00e1n la conformidad del colindante si la correcci\u00f3n afecta en la croquizaci\u00f3n catastral a las fincas de los mismos.<\/p>\n<\/div>\n<p>[\/et_pb_text][\/et_pb_column][\/et_pb_row][\/et_pb_section]<\/p>\n","protected":false},"excerpt":{"rendered":"<p>Mediciones y topograf\u00eda &nbsp; Mediciones de parcelas Planos de parcelas y solares Levantamientos topogr\u00e1ficos para proyectos de arquitectura e ingenier\u00eda Informes t\u00e9cnicos para Catastro, expropiaciones, bufetes de abogados, etc. C\u00e1lculo de superficies Divisi\u00f3n y segregaci\u00f3n de fincas Cubicaciones Nivelaciones Levantamiento de planos interiores Medici\u00f3n de alturas Los motivos para realizar una medici\u00f3n de una parcela [&hellip;]<\/p>\n","protected":false},"author":1,"featured_media":0,"parent":0,"menu_order":0,"comment_status":"closed","ping_status":"closed","template":"","meta":{"_et_pb_use_builder":"on","_et_pb_old_content":"","_et_gb_content_width":"","footnotes":""},"class_list":["post-72","page","type-page","status-publish","hentry"],"_links":{"self":[{"href":"http:\/\/rodespi.es\/en\/wp-json\/wp\/v2\/pages\/72","targetHints":{"allow":["GET"]}}],"collection":[{"href":"http:\/\/rodespi.es\/en\/wp-json\/wp\/v2\/pages"}],"about":[{"href":"http:\/\/rodespi.es\/en\/wp-json\/wp\/v2\/types\/page"}],"author":[{"embeddable":true,"href":"http:\/\/rodespi.es\/en\/wp-json\/wp\/v2\/users\/1"}],"replies":[{"embeddable":true,"href":"http:\/\/rodespi.es\/en\/wp-json\/wp\/v2\/comments?post=72"}],"version-history":[{"count":5,"href":"http:\/\/rodespi.es\/en\/wp-json\/wp\/v2\/pages\/72\/revisions"}],"predecessor-version":[{"id":334,"href":"http:\/\/rodespi.es\/en\/wp-json\/wp\/v2\/pages\/72\/revisions\/334"}],"wp:attachment":[{"href":"http:\/\/rodespi.es\/en\/wp-json\/wp\/v2\/media?parent=72"}],"curies":[{"name":"wp","href":"https:\/\/api.w.org\/{rel}","templated":true}]}}